{"id":393,"date":"2019-04-21T22:53:47","date_gmt":"2019-04-21T20:53:47","guid":{"rendered":"http:\/\/aluon.es\/\/?post_type=product&#038;p=393"},"modified":"2019-07-07T23:32:03","modified_gmt":"2019-07-07T21:32:03","slug":"aluon-premium-celosia","status":"publish","type":"product","link":"https:\/\/aluon.es\/?product=aluon-premium-celosia","title":{"rendered":"Aluon Premium Celos\u00eda"},"content":{"rendered":"<p><strong>Aluon PREMIUM es la estrella de Aluon debido a las nuevas arquitecturas y actuales entornos de nueva construcci\u00f3n, ya sean edificios institucionales o viviendas privadas. Tanto la puerta peatonal como las correderas o batientes y cerramientos de parcelas, se automatizan y adaptan a unos est\u00e1ndares de formatos y medidas que cada vez est\u00e1n m\u00e1s en uso. Su ligereza y robustez se funden en su mejor acabado.<\/strong><\/p>\n<p>Puede configurar su modelo de la forma m\u00e1s pr\u00e1ctica. Todos los modelos ALUON est\u00e1n pensados para adaptarse a cualquier medida, apoy\u00e1ndose en piezas estandard como los largueros lateras con solapa, largueros en U&#8230; Se ci\u00f1e a todo tipo de formatos creando innovadoras composiciones con puertas peatonales, correderas o batientes, vallas y otras aplicaciones en aluminio soldado<\/p>\n","protected":false},"excerpt":{"rendered":"<div class=\"page\" title=\"Page 6\">\n<div class=\"layoutArea\">\n<div class=\"column\">\n<h3>Un planeamiento <em>adaptado\u00a0a un estilo<\/em>. La mezcla perfecta que completa el entorno.<\/h3>\n<\/div>\n<\/div>\n<\/div>\n<p class=\"mbr-section-title pb-2 mbr-fonts-style display-2\"><strong>El dise\u00f1o unido a la composici\u00f3n<\/strong><\/p>\n<p class=\"mbr-section-title pb-2 mbr-fonts-style display-2\">\n<p>&nbsp;<\/p>\n[maxbutton name=\"Confirmar pedido\"]\n<p>&nbsp;<\/p>\n<p>&nbsp;<\/p>\n<p>&nbsp;<\/p>\n","protected":false},"featured_media":432,"comment_status":"open","ping_status":"closed","template":"","meta":[],"_links":{"self":[{"href":"https:\/\/aluon.es\/index.php?rest_route=\/wp\/v2\/product\/393"}],"collection":[{"href":"https:\/\/aluon.es\/index.php?rest_route=\/wp\/v2\/product"}],"about":[{"href":"https:\/\/aluon.es\/index.php?rest_route=\/wp\/v2\/types\/product"}],"replies":[{"embeddable":true,"href":"https:\/\/aluon.es\/index.php?rest_route=%2Fwp%2Fv2%2Fcomments&post=393"}],"wp:featuredmedia":[{"embeddable":true,"href":"https:\/\/aluon.es\/index.php?rest_route=\/wp\/v2\/media\/432"}],"wp:attachment":[{"href":"https:\/\/aluon.es\/index.php?rest_route=%2Fwp%2Fv2%2Fmedia&parent=393"}],"curies":[{"name":"wp","href":"https:\/\/api.w.org\/{rel}","templated":true}]}}