{"id":551,"date":"2019-04-22T02:39:58","date_gmt":"2019-04-22T00:39:58","guid":{"rendered":"http:\/\/aluon.es\/\/?post_type=product&#038;p=551"},"modified":"2025-12-06T16:11:46","modified_gmt":"2025-12-06T15:11:46","slug":"aluon-inox","status":"publish","type":"product","link":"https:\/\/aluon.es\/?product=aluon-inox","title":{"rendered":"Aluon Inox"},"content":{"rendered":"<p>Puede configurar su modelo de la forma m\u00e1s pr\u00e1ctica. Todos los modelos ALUON est\u00e1n pensados para adaptarse a cualquier medida, apoy\u00e1ndose en piezas estandard como los largueros laterales con solapa, largueros en U&#8230; Se ci\u00f1e a todo tipo de formatos creando innovadoras composiciones con puertas peatonales, correderas o batientes, vallas y otras aplicaciones en aluminio soldado<\/p>\n","protected":false},"excerpt":{"rendered":"<div class=\"page\" title=\"Page 8\">\n<div class=\"layoutArea\">\n<div class=\"column\">\n<div class=\"page\" title=\"Page 9\">\n<div class=\"layoutArea\">\n<div class=\"column\">\n<div class=\"page\" title=\"Page 10\">\n<div class=\"layoutArea\">\n<div class=\"column\">\n<h3>El acero inoxidable es el inseparable compa\u00f1ero de un estilo.\u00a0Un <em>continuo contraste en paralelo<\/em>.<\/h3>\n<\/div>\n<\/div>\n<\/div>\n<\/div>\n<\/div>\n<\/div>\n<\/div>\n<\/div>\n<\/div>\n<p class=\"mbr-section-title pb-2 mbr-fonts-style display-2\"><strong>El dise\u00f1o unido a la composici\u00f3n<\/strong><\/p>\n<p class=\"mbr-section-title pb-2 mbr-fonts-style display-2\">\n<p>&nbsp;<\/p>\n[maxbutton name=\"Confirmar pedido\"]\n<p>&nbsp;<\/p>\n<p>&nbsp;<\/p>\n<p>&nbsp;<\/p>\n","protected":false},"featured_media":436,"comment_status":"open","ping_status":"closed","template":"","meta":[],"_links":{"self":[{"href":"https:\/\/aluon.es\/index.php?rest_route=\/wp\/v2\/product\/551"}],"collection":[{"href":"https:\/\/aluon.es\/index.php?rest_route=\/wp\/v2\/product"}],"about":[{"href":"https:\/\/aluon.es\/index.php?rest_route=\/wp\/v2\/types\/product"}],"replies":[{"embeddable":true,"href":"https:\/\/aluon.es\/index.php?rest_route=%2Fwp%2Fv2%2Fcomments&post=551"}],"wp:featuredmedia":[{"embeddable":true,"href":"https:\/\/aluon.es\/index.php?rest_route=\/wp\/v2\/media\/436"}],"wp:attachment":[{"href":"https:\/\/aluon.es\/index.php?rest_route=%2Fwp%2Fv2%2Fmedia&parent=551"}],"curies":[{"name":"wp","href":"https:\/\/api.w.org\/{rel}","templated":true}]}}